{"id":16601,"date":"2021-04-14T03:25:08","date_gmt":"2021-04-14T07:25:08","guid":{"rendered":"https:\/\/boutique.jeuxmodulair.com\/product\/pas-de-caoutchouc-7-1-2\/"},"modified":"2021-05-02T10:41:55","modified_gmt":"2021-05-02T14:41:55","slug":"pas-de-caoutchouc-7-1-2","status":"publish","type":"product","link":"https:\/\/boutique.jeuxmodulair.com\/en\/product\/pas-de-caoutchouc-7-1-2\/","title":{"rendered":"Pas de caoutchouc 7 1\/2&#8221;"},"content":{"rendered":"<ul>\n<li>Pas fait de caoutchouc recycl\u00e9 noir<\/li>\n<li>diam\u00e8tre de 10&#8221; et hauteur de 7 1\/2&#8221;<\/li>\n<li>Ancrages de fixation incluses<\/li>\n<li>Sur commande sp\u00e9ciale<\/li>\n<\/ul>\n","protected":false},"excerpt":{"rendered":"<p>Jeux modul&#8217;Air offrent sur le march\u00e9 une vaste gamme de syst\u00e8me d&#8217;\u00e9quilibre tel que pas en caoutchouc, pas en forme de champignon ou poutre d&#8217;\u00e9quilibre.<\/p>\n","protected":false},"featured_media":13111,"template":"","meta":[],"product_brand":[],"product_cat":[348],"product_tag":[313,305,304],"class_list":{"0":"post-16601","1":"product","2":"type-product","3":"status-publish","4":"has-post-thumbnail","6":"product_cat-stepping-and-beam","7":"product_tag-balance-beam","8":"product_tag-no-commercial-rubber","9":"product_tag-not-chinese","11":"first","12":"instock","13":"taxable","14":"shipping-taxable","15":"purchasable","16":"product-type-simple"},"_links":{"self":[{"href":"https:\/\/boutique.jeuxmodulair.com\/en\/wp-json\/wp\/v2\/product\/16601","targetHints":{"allow":["GET"]}}],"collection":[{"href":"https:\/\/boutique.jeuxmodulair.com\/en\/wp-json\/wp\/v2\/product"}],"about":[{"href":"https:\/\/boutique.jeuxmodulair.com\/en\/wp-json\/wp\/v2\/types\/product"}],"wp:featuredmedia":[{"embeddable":true,"href":"https:\/\/boutique.jeuxmodulair.com\/en\/wp-json\/wp\/v2\/media\/13111"}],"wp:attachment":[{"href":"https:\/\/boutique.jeuxmodulair.com\/en\/wp-json\/wp\/v2\/media?parent=16601"}],"wp:term":[{"taxonomy":"product_brand","embeddable":true,"href":"https:\/\/boutique.jeuxmodulair.com\/en\/wp-json\/wp\/v2\/product_brand?post=16601"},{"taxonomy":"product_cat","embeddable":true,"href":"https:\/\/boutique.jeuxmodulair.com\/en\/wp-json\/wp\/v2\/product_cat?post=16601"},{"taxonomy":"product_tag","embeddable":true,"href":"https:\/\/boutique.jeuxmodulair.com\/en\/wp-json\/wp\/v2\/product_tag?post=16601"}],"curies":[{"name":"wp","href":"https:\/\/api.w.org\/{rel}","templated":true}]}}